{"id":1501,"date":"2023-10-03T12:50:18","date_gmt":"2023-10-03T10:50:18","guid":{"rendered":"https:\/\/www.quintajusta.com\/?page_id=1501"},"modified":"2023-11-28T13:45:42","modified_gmt":"2023-11-28T12:45:42","slug":"us","status":"publish","type":"page","link":"https:\/\/www.quintajusta.com\/en\/nosotros\/","title":{"rendered":"About Us"},"content":{"rendered":"<div data-elementor-type=\"wp-page\" data-elementor-id=\"1501\" class=\"elementor elementor-1501\" data-elementor-post-type=\"page\">\n\t\t\t\t\t\t<section class=\"elementor-section elementor-top-section elementor-element elementor-element-49e59797 elementor-section-boxed elementor-section-height-default elementor-section-height-default\" data-id=\"49e59797\" data-element_type=\"section\" data-e-type=\"section\" data-settings=\"{&quot;background_background&quot;:&quot;classic&quot;}\">\n\t\t\t\t\t\t\t<div class=\"elementor-background-overlay\"><\/div>\n\t\t\t\t\t\t\t<div class=\"elementor-container elementor-column-gap-default\">\n\t\t\t\t\t<div class=\"elementor-column elementor-col-100 elementor-top-column elementor-element elementor-element-4a01b2\" data-id=\"4a01b2\" data-element_type=\"column\" data-e-type=\"column\">\n\t\t\t<div class=\"elementor-widget-wrap elementor-element-populated\">\n\t\t\t\t\t\t<div class=\"elementor-element elementor-element-1271c4b3 elementor-widget elementor-widget-heading\" data-id=\"1271c4b3\" data-element_type=\"widget\" data-e-type=\"widget\" data-widget_type=\"heading.default\">\n\t\t\t\t<div class=\"elementor-widget-container\">\n\t\t\t\t\t<h1 class=\"elementor-heading-title elementor-size-default\">About us<\/h1>\t\t\t\t<\/div>\n\t\t\t\t<\/div>\n\t\t\t\t\t<\/div>\n\t\t<\/div>\n\t\t\t\t\t<\/div>\n\t\t<\/section>\n\t\t\t\t<section class=\"elementor-section elementor-top-section elementor-element elementor-element-4383e916 elementor-section-boxed elementor-section-height-default elementor-section-height-default\" data-id=\"4383e916\" data-element_type=\"section\" data-e-type=\"section\">\n\t\t\t\t\t\t<div class=\"elementor-container elementor-column-gap-default\">\n\t\t\t\t\t<div class=\"elementor-column elementor-col-33 elementor-top-column elementor-element elementor-element-1e23da95\" data-id=\"1e23da95\" data-element_type=\"column\" data-e-type=\"column\">\n\t\t\t<div class=\"elementor-widget-wrap elementor-element-populated\">\n\t\t\t\t\t\t<div class=\"elementor-element elementor-element-4198462e elementor-position-top elementor-widget elementor-widget-image-box\" data-id=\"4198462e\" data-element_type=\"widget\" data-e-type=\"widget\" data-widget_type=\"image-box.default\">\n\t\t\t\t<div class=\"elementor-widget-container\">\n\t\t\t\t\t<div class=\"elementor-image-box-wrapper\"><figure class=\"elementor-image-box-img\"><img fetchpriority=\"high\" decoding=\"async\" width=\"768\" height=\"1024\" src=\"https:\/\/www.quintajusta.com\/wp-content\/uploads\/2023\/10\/IMG-4776-768x1024.jpg\" class=\"attachment-medium_large size-medium_large wp-image-1494\" alt=\"Quinta Justa - Ricardo Lillo Gil\" srcset=\"https:\/\/www.quintajusta.com\/wp-content\/uploads\/2023\/10\/IMG-4776-768x1024.jpg 768w, https:\/\/www.quintajusta.com\/wp-content\/uploads\/2023\/10\/IMG-4776-225x300.jpg 225w, https:\/\/www.quintajusta.com\/wp-content\/uploads\/2023\/10\/IMG-4776-9x12.jpg 9w, https:\/\/www.quintajusta.com\/wp-content\/uploads\/2023\/10\/IMG-4776.jpg 900w\" sizes=\"(max-width: 768px) 100vw, 768px\" \/><\/figure><div class=\"elementor-image-box-content\"><h2 class=\"elementor-image-box-title\">Ricardo Lillo Gil<\/h2><p class=\"elementor-image-box-description\">Founder<\/p><\/div><\/div>\t\t\t\t<\/div>\n\t\t\t\t<\/div>\n\t\t\t\t\t<\/div>\n\t\t<\/div>\n\t\t\t\t<div class=\"elementor-column elementor-col-66 elementor-top-column elementor-element elementor-element-169f95f7\" data-id=\"169f95f7\" data-element_type=\"column\" data-e-type=\"column\">\n\t\t\t<div class=\"elementor-widget-wrap elementor-element-populated\">\n\t\t\t\t\t\t<div class=\"elementor-element elementor-element-125a80d1 elementor-widget elementor-widget-heading\" data-id=\"125a80d1\" data-element_type=\"widget\" data-e-type=\"widget\" data-widget_type=\"heading.default\">\n\t\t\t\t<div class=\"elementor-widget-container\">\n\t\t\t\t\t<div class=\"elementor-heading-title elementor-size-default\">Our musical and artisanal trajectory<\/div>\t\t\t\t<\/div>\n\t\t\t\t<\/div>\n\t\t\t\t<div class=\"elementor-element elementor-element-984a0cf elementor-widget elementor-widget-image-box\" data-id=\"984a0cf\" data-element_type=\"widget\" data-e-type=\"widget\" data-widget_type=\"image-box.default\">\n\t\t\t\t<div class=\"elementor-widget-container\">\n\t\t\t\t\t<div class=\"elementor-image-box-wrapper\"><div class=\"elementor-image-box-content\"><h2 class=\"elementor-image-box-title\">From musician to master of wind instrument repair<\/h2><p class=\"elementor-image-box-description\">Our technician, Ricardo Lillo Gil, began his studies in the Saxophone specialty in 2005 at the Villena Professional Conservatory of Music under the tutelage of Rafael Mart\u00ednez Esteve. And in 2012 he joined the Villena Municipal Music Band as a full-fledged musician.<br><br>It was in 2015 when, after years in music, he decided to go one step further and began his adventure in the world of woodwind musical instrument repair. This takes place at Sanganxa SL, located in Llanera de Ranes, and under the direct supervision of \u00d3scar Egea Altabert, current manager of Al Vent, located in Tavernes de la Valldigna.<br><br>It is also there where he completes and perfects his training in the repair of Brass musical instruments under the tutelage of Franchesco Le\u00f3n Pereira, current main technician at Musical Campos, located in Valencia and Castell\u00f3n.<br><br>During this period, he graduated with great success and obtained the Professional Music Degree in the specialty of Saxophone at the Villena Professional Conservatory of Music.<br>\n<br>We must go to 2018 when, after three years of continuous work, he decided to start a business in his hometown, Villena. This is where the Quinta Justa Company was born. A reference workshop in the region that offers the best services in the sale and repair of musical instruments and that is also in constant development and evolution, always seeking full customer satisfaction.<br>\n\n<br>\n\nSince October 2023, he has become part of the teaching staff of the Higher Conservatory of Music of Castilla-La Mancha (CSMCLM), as a specialist teacher in Mechanical Fundamentals of Woodwind and Mechanical Fundamentals of Brass.\n\n<br><br>\n\n\n\nHe currently carries out his professional duties as the main technician of Quinta Justa, while at the same time serving as President of the Commission of the Villena Municipal Music Band.<\/p><\/div><\/div>\t\t\t\t<\/div>\n\t\t\t\t<\/div>\n\t\t\t\t\t<\/div>\n\t\t<\/div>\n\t\t\t\t\t<\/div>\n\t\t<\/section>\n\t\t\t\t<section class=\"elementor-section elementor-top-section elementor-element elementor-element-28ac41ac elementor-section-boxed elementor-section-height-default elementor-section-height-default\" data-id=\"28ac41ac\" data-element_type=\"section\" data-e-type=\"section\" data-settings=\"{&quot;background_background&quot;:&quot;classic&quot;}\">\n\t\t\t\t\t\t<div class=\"elementor-container elementor-column-gap-default\">\n\t\t\t\t\t<div class=\"elementor-column elementor-col-100 elementor-top-column elementor-element elementor-element-1f00be0d\" data-id=\"1f00be0d\" data-element_type=\"column\" data-e-type=\"column\">\n\t\t\t<div class=\"elementor-widget-wrap elementor-element-populated\">\n\t\t\t\t\t\t<div class=\"elementor-element elementor-element-5f97cd48 elementor-widget elementor-widget-heading\" data-id=\"5f97cd48\" data-element_type=\"widget\" data-e-type=\"widget\" data-widget_type=\"heading.default\">\n\t\t\t\t<div class=\"elementor-widget-container\">\n\t\t\t\t\t<h2 class=\"elementor-heading-title elementor-size-default\">Our essence<\/h2>\t\t\t\t<\/div>\n\t\t\t\t<\/div>\n\t\t\t\t<section class=\"elementor-section elementor-inner-section elementor-element elementor-element-40bc96cb elementor-section-boxed elementor-section-height-default elementor-section-height-default\" data-id=\"40bc96cb\" data-element_type=\"section\" data-e-type=\"section\">\n\t\t\t\t\t\t<div class=\"elementor-container elementor-column-gap-wider\">\n\t\t\t\t\t<div class=\"elementor-column elementor-col-33 elementor-inner-column elementor-element elementor-element-7fc3d769\" data-id=\"7fc3d769\" data-element_type=\"column\" data-e-type=\"column\">\n\t\t\t<div class=\"elementor-widget-wrap elementor-element-populated\">\n\t\t\t\t\t\t<div class=\"elementor-element elementor-element-5534d42e elementor-position-top elementor-widget elementor-widget-image-box\" data-id=\"5534d42e\" data-element_type=\"widget\" data-e-type=\"widget\" data-widget_type=\"image-box.default\">\n\t\t\t\t<div class=\"elementor-widget-container\">\n\t\t\t\t\t<div class=\"elementor-image-box-wrapper\"><figure class=\"elementor-image-box-img\"><img decoding=\"async\" width=\"500\" height=\"500\" src=\"https:\/\/www.quintajusta.com\/wp-content\/uploads\/2023\/10\/cornet-hires.png\" class=\"attachment-full size-full wp-image-1570\" alt=\"Quinta Justa - Bugle\" srcset=\"https:\/\/www.quintajusta.com\/wp-content\/uploads\/2023\/10\/cornet-hires.png 500w, https:\/\/www.quintajusta.com\/wp-content\/uploads\/2023\/10\/cornet-hires-300x300.png 300w, https:\/\/www.quintajusta.com\/wp-content\/uploads\/2023\/10\/cornet-hires-150x150.png 150w, https:\/\/www.quintajusta.com\/wp-content\/uploads\/2023\/10\/cornet-hires-12x12.png 12w\" sizes=\"(max-width: 500px) 100vw, 500px\" \/><\/figure><div class=\"elementor-image-box-content\"><h3 class=\"elementor-image-box-title\">Passion for music<\/h3><\/div><\/div>\t\t\t\t<\/div>\n\t\t\t\t<\/div>\n\t\t\t\t\t<\/div>\n\t\t<\/div>\n\t\t\t\t<div class=\"elementor-column elementor-col-33 elementor-inner-column elementor-element elementor-element-4dbab42\" data-id=\"4dbab42\" data-element_type=\"column\" data-e-type=\"column\">\n\t\t\t<div class=\"elementor-widget-wrap elementor-element-populated\">\n\t\t\t\t\t\t<div class=\"elementor-element elementor-element-57658cae elementor-position-top elementor-widget elementor-widget-image-box\" data-id=\"57658cae\" data-element_type=\"widget\" data-e-type=\"widget\" data-widget_type=\"image-box.default\">\n\t\t\t\t<div class=\"elementor-widget-container\">\n\t\t\t\t\t<div class=\"elementor-image-box-wrapper\"><figure class=\"elementor-image-box-img\"><img decoding=\"async\" width=\"500\" height=\"500\" src=\"https:\/\/www.quintajusta.com\/wp-content\/uploads\/2023\/10\/alto-saxophone-hires.png\" class=\"attachment-full size-full wp-image-1559\" alt=\"Quinta Justa - Baritone sax\" srcset=\"https:\/\/www.quintajusta.com\/wp-content\/uploads\/2023\/10\/alto-saxophone-hires.png 500w, https:\/\/www.quintajusta.com\/wp-content\/uploads\/2023\/10\/alto-saxophone-hires-300x300.png 300w, https:\/\/www.quintajusta.com\/wp-content\/uploads\/2023\/10\/alto-saxophone-hires-150x150.png 150w, https:\/\/www.quintajusta.com\/wp-content\/uploads\/2023\/10\/alto-saxophone-hires-12x12.png 12w\" sizes=\"(max-width: 500px) 100vw, 500px\" \/><\/figure><div class=\"elementor-image-box-content\"><h3 class=\"elementor-image-box-title\">Repair Masters<\/h3><\/div><\/div>\t\t\t\t<\/div>\n\t\t\t\t<\/div>\n\t\t\t\t\t<\/div>\n\t\t<\/div>\n\t\t\t\t<div class=\"elementor-column elementor-col-33 elementor-inner-column elementor-element elementor-element-8ac5694\" data-id=\"8ac5694\" data-element_type=\"column\" data-e-type=\"column\">\n\t\t\t<div class=\"elementor-widget-wrap elementor-element-populated\">\n\t\t\t\t\t\t<div class=\"elementor-element elementor-element-3f2bfe5f elementor-position-top elementor-widget elementor-widget-image-box\" data-id=\"3f2bfe5f\" data-element_type=\"widget\" data-e-type=\"widget\" data-widget_type=\"image-box.default\">\n\t\t\t\t<div class=\"elementor-widget-container\">\n\t\t\t\t\t<div class=\"elementor-image-box-wrapper\"><figure class=\"elementor-image-box-img\"><img loading=\"lazy\" decoding=\"async\" width=\"500\" height=\"500\" src=\"https:\/\/www.quintajusta.com\/wp-content\/uploads\/2023\/10\/bassoon-hires.png\" class=\"attachment-full size-full wp-image-1571\" alt=\"Quinta Justa - icon: bassoon\" srcset=\"https:\/\/www.quintajusta.com\/wp-content\/uploads\/2023\/10\/bassoon-hires.png 500w, https:\/\/www.quintajusta.com\/wp-content\/uploads\/2023\/10\/bassoon-hires-300x300.png 300w, https:\/\/www.quintajusta.com\/wp-content\/uploads\/2023\/10\/bassoon-hires-150x150.png 150w, https:\/\/www.quintajusta.com\/wp-content\/uploads\/2023\/10\/bassoon-hires-12x12.png 12w\" sizes=\"(max-width: 500px) 100vw, 500px\" \/><\/figure><div class=\"elementor-image-box-content\"><h3 class=\"elementor-image-box-title\">Commitment to excellence<\/h3><\/div><\/div>\t\t\t\t<\/div>\n\t\t\t\t<\/div>\n\t\t\t\t\t<\/div>\n\t\t<\/div>\n\t\t\t\t\t<\/div>\n\t\t<\/section>\n\t\t\t\t<div class=\"elementor-element elementor-element-87d99d0 elementor-widget elementor-widget-text-editor\" data-id=\"87d99d0\" data-element_type=\"widget\" data-e-type=\"widget\" data-widget_type=\"text-editor.default\">\n\t\t\t\t<div class=\"elementor-widget-container\">\n\t\t\t\t\t\t\t\t\t<p>At Quinta Justa, our history is a symphony of dedication and mastery. We started out as music lovers, and over the years, we became experts in wind instrument repair.<\/p>\t\t\t\t\t\t\t\t<\/div>\n\t\t\t\t<\/div>\n\t\t\t\t\t<\/div>\n\t\t<\/div>\n\t\t\t\t\t<\/div>\n\t\t<\/section>\n\t\t\t\t<\/div>","protected":false},"excerpt":{"rendered":"<p>Acerca de nosotros Ricardo Lillo Gil Fundador Nuestra trayectoria musical y artesanal De m\u00fasico a maestro en la reparaci\u00f3n de instrumentos de viento Nuestro t\u00e9cnico, Ricardo Lillo Gil, comienza sus estudios en la especialidad de Saxof\u00f3n en 2005 en el Conservatorio Profesional de M\u00fasica de Villena bajo la tutela de Rafael Mart\u00ednez Esteve. Y en [&hellip;]<\/p>\n","protected":false},"author":1,"featured_media":0,"parent":0,"menu_order":6,"comment_status":"closed","ping_status":"closed","template":"","meta":{"site-sidebar-layout":"no-sidebar","site-content-layout":"page-builder","ast-site-content-layout":"full-width-container","site-content-style":"default","site-sidebar-style":"default","ast-global-header-display":"","ast-banner-title-visibility":"","ast-main-header-display":"","ast-hfb-above-header-display":"","ast-hfb-below-header-display":"","ast-hfb-mobile-header-display":"","site-post-title":"disabled","ast-breadcrumbs-content":"","ast-featured-img":"disabled","footer-sml-layout":"","ast-disable-related-posts":"","theme-transparent-header-meta":"default","adv-header-id-meta":"","stick-header-meta":"default","header-above-stick-meta":"","header-main-stick-meta":"","header-below-stick-meta":"","astra-migrate-meta-layouts":"set","ast-page-background-enabled":"default","ast-page-background-meta":{"desktop":{"background-color":"","background-image":"","background-repeat":"repeat","background-position":"center center","background-size":"auto","background-attachment":"scroll","background-type":"","background-media":"","overlay-type":"","overlay-color":"","overlay-opacity":"","overlay-gradient":""},"tablet":{"background-color":"","background-image":"","background-repeat":"repeat","background-position":"center center","background-size":"auto","background-attachment":"scroll","background-type":"","background-media":"","overlay-type":"","overlay-color":"","overlay-opacity":"","overlay-gradient":""},"mobile":{"background-color":"","background-image":"","background-repeat":"repeat","background-position":"center center","background-size":"auto","background-attachment":"scroll","background-type":"","background-media":"","overlay-type":"","overlay-color":"","overlay-opacity":"","overlay-gradient":""}},"ast-content-background-meta":{"desktop":{"background-color":"var(--ast-global-color-5)","background-image":"","background-repeat":"repeat","background-position":"center center","background-size":"auto","background-attachment":"scroll","background-type":"","background-media":"","overlay-type":"","overlay-color":"","overlay-opacity":"","overlay-gradient":""},"tablet":{"background-color":"var(--ast-global-color-5)","background-image":"","background-repeat":"repeat","background-position":"center center","background-size":"auto","background-attachment":"scroll","background-type":"","background-media":"","overlay-type":"","overlay-color":"","overlay-opacity":"","overlay-gradient":""},"mobile":{"background-color":"var(--ast-global-color-5)","background-image":"","background-repeat":"repeat","background-position":"center center","background-size":"auto","background-attachment":"scroll","background-type":"","background-media":"","overlay-type":"","overlay-color":"","overlay-opacity":"","overlay-gradient":""}},"_joinchat":[],"footnotes":""},"class_list":["post-1501","page","type-page","status-publish","hentry"],"yoast_head":"<!-- This site is optimized with the Yoast SEO plugin v27.4 - https:\/\/yoast.com\/product\/yoast-seo-wordpress\/ -->\n<title>Nosotros - Quinta Justa<\/title>\n<meta name=\"description\" content=\"Pasi\u00f3n por la m\u00fasica y maestr\u00eda en la reparaci\u00f3n de instrumentos en Quinta Justa. Conoce a Ricardo Lillo Gil, fundador y experto.\" \/>\n<meta name=\"robots\" content=\"index, follow, max-snippet:-1, max-image-preview:large, max-video-preview:-1\" \/>\n<link rel=\"canonical\" href=\"https:\/\/www.quintajusta.com\/en\/us\/\" \/>\n<meta property=\"og:locale\" content=\"en_US\" \/>\n<meta property=\"og:type\" content=\"article\" \/>\n<meta property=\"og:title\" content=\"Nosotros - Quinta Justa\" \/>\n<meta property=\"og:description\" content=\"Pasi\u00f3n por la m\u00fasica y maestr\u00eda en la reparaci\u00f3n de instrumentos en Quinta Justa. Conoce a Ricardo Lillo Gil, fundador y experto.\" \/>\n<meta property=\"og:url\" content=\"https:\/\/www.quintajusta.com\/en\/us\/\" \/>\n<meta property=\"og:site_name\" content=\"Quinta Justa\" \/>\n<meta property=\"article:publisher\" content=\"https:\/\/www.facebook.com\/quint.justa\" \/>\n<meta property=\"article:modified_time\" content=\"2023-11-28T12:45:42+00:00\" \/>\n<meta property=\"og:image\" content=\"https:\/\/www.quintajusta.com\/wp-content\/uploads\/2023\/10\/IMG-4776-768x1024.jpg\" \/>\n<meta name=\"twitter:card\" content=\"summary_large_image\" \/>\n<script type=\"application\/ld+json\" class=\"yoast-schema-graph\">{\"@context\":\"https:\\\/\\\/schema.org\",\"@graph\":[{\"@type\":\"WebPage\",\"@id\":\"https:\\\/\\\/www.quintajusta.com\\\/nosotros\\\/\",\"url\":\"https:\\\/\\\/www.quintajusta.com\\\/nosotros\\\/\",\"name\":\"Nosotros - Quinta Justa\",\"isPartOf\":{\"@id\":\"https:\\\/\\\/www.quintajusta.com\\\/#website\"},\"primaryImageOfPage\":{\"@id\":\"https:\\\/\\\/www.quintajusta.com\\\/nosotros\\\/#primaryimage\"},\"image\":{\"@id\":\"https:\\\/\\\/www.quintajusta.com\\\/nosotros\\\/#primaryimage\"},\"thumbnailUrl\":\"https:\\\/\\\/www.quintajusta.com\\\/wp-content\\\/uploads\\\/2023\\\/10\\\/IMG-4776-768x1024.jpg\",\"datePublished\":\"2023-10-03T10:50:18+00:00\",\"dateModified\":\"2023-11-28T12:45:42+00:00\",\"description\":\"Pasi\u00f3n por la m\u00fasica y maestr\u00eda en la reparaci\u00f3n de instrumentos en Quinta Justa. Conoce a Ricardo Lillo Gil, fundador y experto.\",\"breadcrumb\":{\"@id\":\"https:\\\/\\\/www.quintajusta.com\\\/nosotros\\\/#breadcrumb\"},\"inLanguage\":\"en-US\",\"potentialAction\":[{\"@type\":\"ReadAction\",\"target\":[\"https:\\\/\\\/www.quintajusta.com\\\/nosotros\\\/\"]}]},{\"@type\":\"ImageObject\",\"inLanguage\":\"en-US\",\"@id\":\"https:\\\/\\\/www.quintajusta.com\\\/nosotros\\\/#primaryimage\",\"url\":\"https:\\\/\\\/www.quintajusta.com\\\/wp-content\\\/uploads\\\/2023\\\/10\\\/IMG-4776-768x1024.jpg\",\"contentUrl\":\"https:\\\/\\\/www.quintajusta.com\\\/wp-content\\\/uploads\\\/2023\\\/10\\\/IMG-4776-768x1024.jpg\"},{\"@type\":\"BreadcrumbList\",\"@id\":\"https:\\\/\\\/www.quintajusta.com\\\/nosotros\\\/#breadcrumb\",\"itemListElement\":[{\"@type\":\"ListItem\",\"position\":1,\"name\":\"Inicio\",\"item\":\"https:\\\/\\\/www.quintajusta.com\\\/\"},{\"@type\":\"ListItem\",\"position\":2,\"name\":\"Nosotros\"}]},{\"@type\":\"WebSite\",\"@id\":\"https:\\\/\\\/www.quintajusta.com\\\/#website\",\"url\":\"https:\\\/\\\/www.quintajusta.com\\\/\",\"name\":\"Quinta Justa\",\"description\":\"Taller especializado en la venta y reparaci\u00f3n de instrumentos musicales de Viento\",\"publisher\":{\"@id\":\"https:\\\/\\\/www.quintajusta.com\\\/#organization\"},\"potentialAction\":[{\"@type\":\"SearchAction\",\"target\":{\"@type\":\"EntryPoint\",\"urlTemplate\":\"https:\\\/\\\/www.quintajusta.com\\\/?s={search_term_string}\"},\"query-input\":{\"@type\":\"PropertyValueSpecification\",\"valueRequired\":true,\"valueName\":\"search_term_string\"}}],\"inLanguage\":\"en-US\"},{\"@type\":\"Organization\",\"@id\":\"https:\\\/\\\/www.quintajusta.com\\\/#organization\",\"name\":\"Quinta Justa\",\"url\":\"https:\\\/\\\/www.quintajusta.com\\\/\",\"logo\":{\"@type\":\"ImageObject\",\"inLanguage\":\"en-US\",\"@id\":\"https:\\\/\\\/www.quintajusta.com\\\/#\\\/schema\\\/logo\\\/image\\\/\",\"url\":\"https:\\\/\\\/www.quintajusta.com\\\/wp-content\\\/uploads\\\/2023\\\/10\\\/logo-e1696332137142.png\",\"contentUrl\":\"https:\\\/\\\/www.quintajusta.com\\\/wp-content\\\/uploads\\\/2023\\\/10\\\/logo-e1696332137142.png\",\"width\":615,\"height\":611,\"caption\":\"Quinta Justa\"},\"image\":{\"@id\":\"https:\\\/\\\/www.quintajusta.com\\\/#\\\/schema\\\/logo\\\/image\\\/\"},\"sameAs\":[\"https:\\\/\\\/www.facebook.com\\\/quint.justa\",\"https:\\\/\\\/www.instagram.com\\\/quinta.justa\\\/\"]}]}<\/script>\n<!-- \/ Yoast SEO plugin. -->","yoast_head_json":{"title":"About us - Quinta Justa","description":"Passion for music and mastery in instrument repair at Quinta Justa. Meet Ricardo Lillo Gil, founder and expert.","robots":{"index":"index","follow":"follow","max-snippet":"max-snippet:-1","max-image-preview":"max-image-preview:large","max-video-preview":"max-video-preview:-1"},"canonical":"https:\/\/www.quintajusta.com\/en\/us\/","og_locale":"en_US","og_type":"article","og_title":"Nosotros - Quinta Justa","og_description":"Pasi\u00f3n por la m\u00fasica y maestr\u00eda en la reparaci\u00f3n de instrumentos en Quinta Justa. Conoce a Ricardo Lillo Gil, fundador y experto.","og_url":"https:\/\/www.quintajusta.com\/en\/us\/","og_site_name":"Quinta Justa","article_publisher":"https:\/\/www.facebook.com\/quint.justa","article_modified_time":"2023-11-28T12:45:42+00:00","og_image":[{"url":"https:\/\/www.quintajusta.com\/wp-content\/uploads\/2023\/10\/IMG-4776-768x1024.jpg","type":"","width":"","height":""}],"twitter_card":"summary_large_image","schema":{"@context":"https:\/\/schema.org","@graph":[{"@type":"WebPage","@id":"https:\/\/www.quintajusta.com\/nosotros\/","url":"https:\/\/www.quintajusta.com\/nosotros\/","name":"About us - Quinta Justa","isPartOf":{"@id":"https:\/\/www.quintajusta.com\/#website"},"primaryImageOfPage":{"@id":"https:\/\/www.quintajusta.com\/nosotros\/#primaryimage"},"image":{"@id":"https:\/\/www.quintajusta.com\/nosotros\/#primaryimage"},"thumbnailUrl":"https:\/\/www.quintajusta.com\/wp-content\/uploads\/2023\/10\/IMG-4776-768x1024.jpg","datePublished":"2023-10-03T10:50:18+00:00","dateModified":"2023-11-28T12:45:42+00:00","description":"Passion for music and mastery in instrument repair at Quinta Justa. Meet Ricardo Lillo Gil, founder and expert.","breadcrumb":{"@id":"https:\/\/www.quintajusta.com\/nosotros\/#breadcrumb"},"inLanguage":"en-US","potentialAction":[{"@type":"ReadAction","target":["https:\/\/www.quintajusta.com\/nosotros\/"]}]},{"@type":"ImageObject","inLanguage":"en-US","@id":"https:\/\/www.quintajusta.com\/nosotros\/#primaryimage","url":"https:\/\/www.quintajusta.com\/wp-content\/uploads\/2023\/10\/IMG-4776-768x1024.jpg","contentUrl":"https:\/\/www.quintajusta.com\/wp-content\/uploads\/2023\/10\/IMG-4776-768x1024.jpg"},{"@type":"BreadcrumbList","@id":"https:\/\/www.quintajusta.com\/nosotros\/#breadcrumb","itemListElement":[{"@type":"ListItem","position":1,"name":"Inicio","item":"https:\/\/www.quintajusta.com\/"},{"@type":"ListItem","position":2,"name":"Nosotros"}]},{"@type":"WebSite","@id":"https:\/\/www.quintajusta.com\/#website","url":"https:\/\/www.quintajusta.com\/","name":"Quinta Justa","description":"Workshop specialized in the sale and repair of wind musical instruments","publisher":{"@id":"https:\/\/www.quintajusta.com\/#organization"},"potentialAction":[{"@type":"SearchAction","target":{"@type":"EntryPoint","urlTemplate":"https:\/\/www.quintajusta.com\/?s={search_term_string}"},"query-input":{"@type":"PropertyValueSpecification","valueRequired":true,"valueName":"search_term_string"}}],"inLanguage":"en-US"},{"@type":"Organization","@id":"https:\/\/www.quintajusta.com\/#organization","name":"Quinta Justa","url":"https:\/\/www.quintajusta.com\/","logo":{"@type":"ImageObject","inLanguage":"en-US","@id":"https:\/\/www.quintajusta.com\/#\/schema\/logo\/image\/","url":"https:\/\/www.quintajusta.com\/wp-content\/uploads\/2023\/10\/logo-e1696332137142.png","contentUrl":"https:\/\/www.quintajusta.com\/wp-content\/uploads\/2023\/10\/logo-e1696332137142.png","width":615,"height":611,"caption":"Quinta Justa"},"image":{"@id":"https:\/\/www.quintajusta.com\/#\/schema\/logo\/image\/"},"sameAs":["https:\/\/www.facebook.com\/quint.justa","https:\/\/www.instagram.com\/quinta.justa\/"]}]}},"_links":{"self":[{"href":"https:\/\/www.quintajusta.com\/en\/wp-json\/wp\/v2\/pages\/1501","targetHints":{"allow":["GET"]}}],"collection":[{"href":"https:\/\/www.quintajusta.com\/en\/wp-json\/wp\/v2\/pages"}],"about":[{"href":"https:\/\/www.quintajusta.com\/en\/wp-json\/wp\/v2\/types\/page"}],"author":[{"embeddable":true,"href":"https:\/\/www.quintajusta.com\/en\/wp-json\/wp\/v2\/users\/1"}],"replies":[{"embeddable":true,"href":"https:\/\/www.quintajusta.com\/en\/wp-json\/wp\/v2\/comments?post=1501"}],"version-history":[{"count":47,"href":"https:\/\/www.quintajusta.com\/en\/wp-json\/wp\/v2\/pages\/1501\/revisions"}],"predecessor-version":[{"id":2166,"href":"https:\/\/www.quintajusta.com\/en\/wp-json\/wp\/v2\/pages\/1501\/revisions\/2166"}],"wp:attachment":[{"href":"https:\/\/www.quintajusta.com\/en\/wp-json\/wp\/v2\/media?parent=1501"}],"curies":[{"name":"wp","href":"https:\/\/api.w.org\/{rel}","templated":true}]}}